{"id":2,"date":"2025-09-15T21:10:26","date_gmt":"2025-09-15T19:10:26","guid":{"rendered":"https:\/\/cresposite.ddns.net\/?page_id=2"},"modified":"2025-11-14T14:30:51","modified_gmt":"2025-11-14T13:30:51","slug":"pagina-ejemplo","status":"publish","type":"page","link":"https:\/\/cresposite.ddns.net\/wordpress\/gl\/","title":{"rendered":"Benvido ao WordPress de Marcos Crespo"},"content":{"rendered":"<p>Neste WordPress subir\u00e1nse as noticias e avances que eu, Marcos Crespo, desenvolvedor e programador do dominio cresposite.ddns.net considere oportunas, este servicio orientase a proporcionar unha mostra ampla das habilidades das que dispo\u00f1o, e dar a sua vez exemplos de diferentes servicios que poidan ser \u00fatiles no sector Soporte t\u00e9cnico.<\/p>\n\n\n\n<blockquote class=\"wp-block-quote is-layout-flow wp-block-quote-is-layout-flow\">\n<p>Hola! Eu son Marcos Crespo, t\u00e9cnico superior en administraci\u00f3n de sistemas inform\u00e1ticos e redes, e esta e a mi\u00f1a web. Vivo en Pontevedra, te\u00f1o un gran inter\u00e9s pola inform\u00e1tica, os videoxogos e sobretodo o hardware, encantame desmontar todo o que use corrente e espero que atopes algo aqu\u00ed que che faga lembrarme con agarimo<\/p>\n<\/blockquote>\n\n\n\n<p>agora que sabes quen son:<\/p>\n\n\n\n<blockquote class=\"wp-block-quote is-layout-flow wp-block-quote-is-layout-flow\">\n<p>Espero que gocedes explorando os pequenos \"Easter eggs\" ou segredos que agochei por todo este sitio. Ao longo da s\u00faa creaci\u00f3n, engad\u00edn toques da mi\u00f1a personalidade, convert\u00e9ndoa nunha p\u00e1xina persoal que ao mesmo tempo ilustra perfectamente o que estes servizos poden ofrecer. Non deades por feito que xa o vistedes todo; pode que vos esteades perdendo algo.<\/p>\n<\/blockquote>\n\n\n\n<p>E por se todo isto fose pouco, perm\u00edtanme lembrarlles que o verdadeiro talento desc\u00f3brese dando un paso adiante e confiando nos resultados. Ningu\u00e9n estivo nunca preparado para todo, pero sempre houbo xente que nunca se rendeu, e eu son unha delas.<\/p>","protected":false},"excerpt":{"rendered":"<p>En este WordPress se subir\u00e1n las noticias y avances que yo, Marcos Crespo, desarrollador y programador del dominio cresposite.ddns.net considere oportunas, este servicio est\u00e1 orientado a proporcionar una muestra amplia de las habilidades de las que dispongo, y dar a su vez ejemplos de diferentes servicios que puedan ser \u00fatiles en el sector Soporte t\u00e9cnico. \u00a1Hola! Soy Marcos Crespo, t\u00e9cnico [&hellip;]<\/p>","protected":false},"author":1,"featured_media":0,"parent":0,"menu_order":0,"comment_status":"closed","ping_status":"open","template":"","meta":{"footnotes":""},"class_list":["post-2","page","type-page","status-publish","hentry"],"_links":{"self":[{"href":"https:\/\/cresposite.ddns.net\/wordpress\/gl\/wp-json\/wp\/v2\/pages\/2","targetHints":{"allow":["GET"]}}],"collection":[{"href":"https:\/\/cresposite.ddns.net\/wordpress\/gl\/wp-json\/wp\/v2\/pages"}],"about":[{"href":"https:\/\/cresposite.ddns.net\/wordpress\/gl\/wp-json\/wp\/v2\/types\/page"}],"author":[{"embeddable":true,"href":"https:\/\/cresposite.ddns.net\/wordpress\/gl\/wp-json\/wp\/v2\/users\/1"}],"replies":[{"embeddable":true,"href":"https:\/\/cresposite.ddns.net\/wordpress\/gl\/wp-json\/wp\/v2\/comments?post=2"}],"version-history":[{"count":3,"href":"https:\/\/cresposite.ddns.net\/wordpress\/gl\/wp-json\/wp\/v2\/pages\/2\/revisions"}],"predecessor-version":[{"id":77,"href":"https:\/\/cresposite.ddns.net\/wordpress\/gl\/wp-json\/wp\/v2\/pages\/2\/revisions\/77"}],"wp:attachment":[{"href":"https:\/\/cresposite.ddns.net\/wordpress\/gl\/wp-json\/wp\/v2\/media?parent=2"}],"curies":[{"name":"wp","href":"https:\/\/api.w.org\/{rel}","templated":true}]}}