{"id":2,"date":"2025-09-15T21:10:26","date_gmt":"2025-09-15T19:10:26","guid":{"rendered":"https:\/\/cresposite.ddns.net\/?page_id=2"},"modified":"2025-11-14T14:30:51","modified_gmt":"2025-11-14T13:30:51","slug":"pagina-ejemplo","status":"publish","type":"page","link":"https:\/\/cresposite.ddns.net\/wordpress\/","title":{"rendered":"Bienvenido al WordPress de Marcos Crespo"},"content":{"rendered":"\n<p>En este WordPress se subir\u00e1n las noticias y avances que yo, Marcos Crespo, desarrollador y programador del dominio cresposite.ddns.net considere oportunas, este servicio est\u00e1 orientado a proporcionar una muestra amplia de las habilidades de las que dispongo, y dar a su vez ejemplos de diferentes servicios que puedan ser \u00fatiles en el sector Soporte t\u00e9cnico.<\/p>\n\n\n\n<blockquote class=\"wp-block-quote is-layout-flow wp-block-quote-is-layout-flow\">\n<p>\u00a1Hola! Soy Marcos Crespo, t\u00e9cnico superior en administraci\u00f3n de sistemas inform\u00e1ticos y redes, y esta es mi web. Vivo en Pontevedra, tengo un gran inter\u00e9s en la inform\u00e1tica, los videojuegos y sobretodo el hardware, me encanta desmontar todo lo que usa electricidad y espero que encuentres algo aqu\u00ed que te haga recordarme con cari\u00f1o.<\/p>\n<\/blockquote>\n\n\n\n<p>ahora que sabes quien soy:<\/p>\n\n\n\n<blockquote class=\"wp-block-quote is-layout-flow wp-block-quote-is-layout-flow\">\n<p>Espero que disfrutes explorando los peque\u00f1os Easter Eggs o secretos, que he dejado ocultos por este dominio. A lo largo de la creaci\u00f3n de todo esto fui dejando peque\u00f1as pinceladas de mi personalidad, haciendo una p\u00e1gina m\u00eda pero sin dejar de ser un perfecto ejemplo de lo que estos servicios pueden ofrecer, no te apures en creer que todo est\u00e1 visto, tal vez te estas dejando algo.<\/p>\n<\/blockquote>\n\n\n\n<p>Y si todo esto no fuese suficiente, d\u00e9jame recordarte que el autentico talento se descubre dando un paso adelante y confiando en los resultados, nadie nunca estuvo preparado para todo, pero siempre ha habido gente que jamas se ha rendido, y yo soy uno de ellos.<\/p>\n","protected":false},"excerpt":{"rendered":"<p>En este WordPress se subir\u00e1n las noticias y avances que yo, Marcos Crespo, desarrollador y programador del dominio cresposite.ddns.net considere oportunas, este servicio est\u00e1 orientado a proporcionar una muestra amplia de las habilidades de las que dispongo, y dar a su vez ejemplos de diferentes servicios que puedan ser \u00fatiles en el sector Soporte t\u00e9cnico. \u00a1Hola! Soy Marcos Crespo, t\u00e9cnico [&hellip;]<\/p>\n","protected":false},"author":1,"featured_media":0,"parent":0,"menu_order":0,"comment_status":"closed","ping_status":"open","template":"","meta":{"footnotes":""},"class_list":["post-2","page","type-page","status-publish","hentry"],"_links":{"self":[{"href":"https:\/\/cresposite.ddns.net\/wordpress\/wp-json\/wp\/v2\/pages\/2","targetHints":{"allow":["GET"]}}],"collection":[{"href":"https:\/\/cresposite.ddns.net\/wordpress\/wp-json\/wp\/v2\/pages"}],"about":[{"href":"https:\/\/cresposite.ddns.net\/wordpress\/wp-json\/wp\/v2\/types\/page"}],"author":[{"embeddable":true,"href":"https:\/\/cresposite.ddns.net\/wordpress\/wp-json\/wp\/v2\/users\/1"}],"replies":[{"embeddable":true,"href":"https:\/\/cresposite.ddns.net\/wordpress\/wp-json\/wp\/v2\/comments?post=2"}],"version-history":[{"count":3,"href":"https:\/\/cresposite.ddns.net\/wordpress\/wp-json\/wp\/v2\/pages\/2\/revisions"}],"predecessor-version":[{"id":77,"href":"https:\/\/cresposite.ddns.net\/wordpress\/wp-json\/wp\/v2\/pages\/2\/revisions\/77"}],"wp:attachment":[{"href":"https:\/\/cresposite.ddns.net\/wordpress\/wp-json\/wp\/v2\/media?parent=2"}],"curies":[{"name":"wp","href":"https:\/\/api.w.org\/{rel}","templated":true}]}}