{"id":90,"date":"2025-11-21T14:28:36","date_gmt":"2025-11-21T13:28:36","guid":{"rendered":"https:\/\/cresposite.ddns.net\/wordpress\/?page_id=90"},"modified":"2025-11-22T17:53:26","modified_gmt":"2025-11-22T16:53:26","slug":"arbol-de-servicios","status":"publish","type":"page","link":"https:\/\/cresposite.ddns.net\/wordpress\/arbol-de-servicios\/","title":{"rendered":"\u00c1rbol de servicios"},"content":{"rendered":"\t\t<div data-elementor-type=\"wp-page\" data-elementor-id=\"90\" class=\"elementor elementor-90\">\n\t\t\t\t<div class=\"elementor-element elementor-element-467b1c5 e-flex e-con-boxed e-con e-parent\" data-id=\"467b1c5\" data-element_type=\"container\">\n\t\t\t\t\t<div class=\"e-con-inner\">\n\t\t\t\t<div class=\"elementor-element elementor-element-a0e71a5 elementor-widget elementor-widget-heading\" data-id=\"a0e71a5\" data-element_type=\"widget\" data-widget_type=\"heading.default\">\n\t\t\t\t\t<h2 class=\"elementor-heading-title elementor-size-default\">Lista de servicios disponibles<\/h2>\t\t\t\t<\/div>\n\t\t\t\t<div class=\"elementor-element elementor-element-3f259c4 elementor-widget elementor-widget-link-in-bio\" data-id=\"3f259c4\" data-element_type=\"widget\" data-widget_type=\"link-in-bio.default\">\n\t\t\t\t<div class=\"elementor-widget-container\">\n\t\t\t\t\t\t\t<div class=\"e-link-in-bio e-link-in-bio\">\n\t\t\t<div class=\"e-link-in-bio__content\">\n\n\t\t\t\t\t\t<div class=\"e-link-in-bio__identity\">\n\t\t\t\t\t\t\t\t\t<div class=\"e-link-in-bio__identity-image e-link-in-bio__identity-image-profile has-style-circle\">\n\t\t\t\t\t\t\t<img fetchpriority=\"high\" decoding=\"async\" width=\"300\" height=\"271\" src=\"https:\/\/cresposite.ddns.net\/wordpress\/wp-content\/uploads\/2025\/11\/logoMCcomboCut-300x271.png\" class=\"e-link-in-bio__identity-image-element\" alt=\"\" srcset=\"https:\/\/cresposite.ddns.net\/wordpress\/wp-content\/uploads\/2025\/11\/logoMCcomboCut-300x271.png 300w, https:\/\/cresposite.ddns.net\/wordpress\/wp-content\/uploads\/2025\/11\/logoMCcomboCut-768x694.png 768w, https:\/\/cresposite.ddns.net\/wordpress\/wp-content\/uploads\/2025\/11\/logoMCcomboCut-13x12.png 13w, https:\/\/cresposite.ddns.net\/wordpress\/wp-content\/uploads\/2025\/11\/logoMCcomboCut.png 940w\" sizes=\"(max-width: 300px) 100vw, 300px\" \/>\t\t\t\t\t\t\t\t\t\t\t\t\t<\/div>\n\t\t\t\t\t\t\t<\/div>\n\t\t\t\t\t<div class=\"e-link-in-bio__bio\">\n\t\t\t\t<h2 class=\"e-link-in-bio__heading\">Marcos Crespo<\/h2>\t\t\t\t<h3 class=\"e-link-in-bio__title\">Un dominio, varios servicios<\/h3>\t\t\t\t\t\t\t\t<p class=\"e-link-in-bio__description\">descubre lo que ofrece nuestro dominio cresposite.ddns.net<\/p>\t\t\t<\/div>\n\t\t\t\t\t<div class=\"e-link-in-bio__icons has-size-small\">\n\t\t\t\t\t\t\t<div class=\"e-link-in-bio__icon is-size-small\">\n\t\t\t\t\t<a aria-label=\"Email\" class=\"e-link-in-bio__icon-link\" href=\"mailto:marcocos1000@gmail.com?subject=Contacto%20de%20%5Bintroduce%20nombre%5D%20desde%20cresposite.ddns.net\/wordpress&#038;body=Hola%20Marcos,%20He%20llegado%20a%20tu%20web%20desde%20%5Bc\u00f3mo%20me%20has%20encontrado,%20ej:%20Google,%20recomendaci\u00f3n,%20etc.%5D%20y%20me%20gustar\u00eda%20consultarte%20sobre:%20%0A%0A%5BBreve%20descripci\u00f3n%20del%20problema%20o%20servicio%20que%20necesito%5D%20%0A%0A%0ADatos%20de%20contacto:%20%0A-%20Nombre:%20%0A-%20Tel\u00e9fono:%20%0A-%20Mejor%20horario%20para%20llamarme:%20%0A%20%0AMuchas%20gracias%20de%20antemano%20y%20quedo%20a%20la%20espera%20de%20tu%20respuesta.%20%0A%20%0AUn%20saludo,%20%5Bintroduce%20nombre%5D%20.\">\n\t\t\t\t\t\t<span class=\"e-link-in-bio__icon-svg\">\n\t\t\t\t\t\t\t<svg aria-hidden=\"true\" class=\"e-font-icon-svg e-fas-envelope\" viewBox=\"0 0 512 512\" xmlns=\"http:\/\/www.w3.org\/2000\/svg\"><path d=\"M502.3 190.8c3.9-3.1 9.7-.2 9.7 4.7V400c0 26.5-21.5 48-48 48H48c-26.5 0-48-21.5-48-48V195.6c0-5 5.7-7.8 9.7-4.7 22.4 17.4 52.1 39.5 154.1 113.6 21.1 15.4 56.7 47.8 92.2 47.6 35.7.3 72-32.8 92.3-47.6 102-74.1 131.6-96.3 154-113.7zM256 320c23.2.4 56.6-29.2 73.4-41.4 132.7-96.3 142.8-104.7 173.4-128.7 5.8-4.5 9.2-11.5 9.2-18.9v-19c0-26.5-21.5-48-48-48H48C21.5 64 0 85.5 0 112v19c0 7.4 3.4 14.3 9.2 18.9 30.6 23.9 40.7 32.4 173.4 128.7 16.8 12.2 50.2 41.8 73.4 41.4z\"><\/path><\/svg>\t\t\t\t\t\t<\/span>\n\t\t\t\t\t\t\t\t\t\t\t<\/a>\n\t\t\t\t<\/div>\n\t\t\t\t\t<\/div>\n\t\t\n\t\t<div class=\"e-link-in-bio__ctas has-type-button\">\n\t\t\t\t\t\t\t<a href=\"http:\/\/cresposite.ddns.net\/wordpress\" target=\"_blank\" rel=\"noopener \" class=\"e-link-in-bio__cta is-type-button has-corners-round\">\n\t\t\t\t\t\t\t\t\t\t<span class=\"e-link-in-bio__cta-text\">\n\t\t\t\t\t\tWordpress\t\t\t\t\t<\/span>\n\t\t\t\t<\/a>\n\t\t\t\t\t\t\t<a href=\"http:\/\/cresposite.ddns.net\/glpi\/public\" target=\"_blank\" rel=\"noopener \" class=\"e-link-in-bio__cta is-type-button has-corners-round\">\n\t\t\t\t\t\t\t\t\t\t<span class=\"e-link-in-bio__cta-text\">\n\t\t\t\t\t\tGLPI\t\t\t\t\t<\/span>\n\t\t\t\t<\/a>\n\t\t\t\t\t\t\t<a href=\"http:\/\/cresposite.ddns.net\/nextcloud\" target=\"_blank\" rel=\"noopener \" class=\"e-link-in-bio__cta is-type-button has-corners-round\">\n\t\t\t\t\t\t\t\t\t\t<span class=\"e-link-in-bio__cta-text\">\n\t\t\t\t\t\tNextCloud\t\t\t\t\t<\/span>\n\t\t\t\t<\/a>\n\t\t\t\t\t<\/div>\n\t\t\n\t\t\t<\/div>\n\t\t\t<div class=\"e-link-in-bio__bg\">\n\t\t\t\t<div class=\"e-link-in-bio__bg-overlay\"><\/div>\n\t\t\t<\/div>\n\t\t<\/div>\n\t\t\t\t\t\t<\/div>\n\t\t\t\t<\/div>\n\t\t\t\t\t<\/div>\n\t\t\t\t<\/div>\n\t\t\t\t<\/div>\n\t\t","protected":false},"excerpt":{"rendered":"<p>Lista de servicios disponibles Marcos Crespo Un dominio, varios servicios descubre lo que ofrece nuestro dominio cresposite.ddns.net Wordpress GLPI NextCloud<\/p>\n","protected":false},"author":1,"featured_media":0,"parent":0,"menu_order":0,"comment_status":"closed","ping_status":"closed","template":"page-templates\/full-width.php","meta":{"footnotes":""},"class_list":["post-90","page","type-page","status-publish","hentry"],"_links":{"self":[{"href":"https:\/\/cresposite.ddns.net\/wordpress\/wp-json\/wp\/v2\/pages\/90","targetHints":{"allow":["GET"]}}],"collection":[{"href":"https:\/\/cresposite.ddns.net\/wordpress\/wp-json\/wp\/v2\/pages"}],"about":[{"href":"https:\/\/cresposite.ddns.net\/wordpress\/wp-json\/wp\/v2\/types\/page"}],"author":[{"embeddable":true,"href":"https:\/\/cresposite.ddns.net\/wordpress\/wp-json\/wp\/v2\/users\/1"}],"replies":[{"embeddable":true,"href":"https:\/\/cresposite.ddns.net\/wordpress\/wp-json\/wp\/v2\/comments?post=90"}],"version-history":[{"count":23,"href":"https:\/\/cresposite.ddns.net\/wordpress\/wp-json\/wp\/v2\/pages\/90\/revisions"}],"predecessor-version":[{"id":126,"href":"https:\/\/cresposite.ddns.net\/wordpress\/wp-json\/wp\/v2\/pages\/90\/revisions\/126"}],"wp:attachment":[{"href":"https:\/\/cresposite.ddns.net\/wordpress\/wp-json\/wp\/v2\/media?parent=90"}],"curies":[{"name":"wp","href":"https:\/\/api.w.org\/{rel}","templated":true}]}}